{"id":3209,"date":"2020-02-18T01:40:05","date_gmt":"2020-02-18T01:40:05","guid":{"rendered":"https:\/\/axxis-consulting.com\/?page_id=3209"},"modified":"2024-01-24T17:48:53","modified_gmt":"2024-01-24T09:48:53","slug":"about-us","status":"publish","type":"page","link":"https:\/\/axxis-consulting.com\/de\/about-us\/","title":{"rendered":"\u00dcber uns"},"content":{"rendered":"","protected":false},"excerpt":{"rendered":"","protected":false},"author":2,"featured_media":0,"parent":0,"menu_order":0,"comment_status":"closed","ping_status":"closed","template":"","meta":{"_acf_changed":false,"footnotes":""},"class_list":["post-3209","page","type-page","status-publish","hentry"],"acf":[],"yoast_head":"<!-- This site is optimized with the Yoast SEO plugin v27.3 - https:\/\/yoast.com\/product\/yoast-seo-wordpress\/ -->\n<title>Axxis Consulting - Ihr SAP Beratungspartner in Asien<\/title>\n<meta name=\"description\" content=\"Wir sind einer der f\u00fchrenden SAP Beratungsunternehmen in Singapore und helfen bei der Einf\u00fchrung, Migration, Training und Support von SAP L\u00f6sungen in Asien\" \/>\n<meta name=\"robots\" content=\"index, follow, max-snippet:-1, max-image-preview:large, max-video-preview:-1\" \/>\n<link rel=\"canonical\" href=\"https:\/\/axxis-consulting.com\/about-us\/\" \/>\n<meta property=\"og:locale\" content=\"de_DE\" \/>\n<meta property=\"og:type\" content=\"article\" \/>\n<meta property=\"og:title\" content=\"Axxis Consulting - Ihr SAP Beratungspartner in Asien\" \/>\n<meta property=\"og:description\" content=\"Wir sind einer der f\u00fchrenden SAP Beratungsunternehmen in Singapore und helfen bei der Einf\u00fchrung, Migration, Training und Support von SAP L\u00f6sungen in Asien\" \/>\n<meta property=\"og:url\" content=\"https:\/\/axxis-consulting.com\/about-us\/\" \/>\n<meta property=\"og:site_name\" content=\"Axxis Consulting\" \/>\n<meta property=\"article:publisher\" content=\"https:\/\/www.facebook.com\/AxxisIT\/\" \/>\n<meta property=\"article:modified_time\" content=\"2024-01-24T09:48:53+00:00\" \/>\n<meta name=\"twitter:card\" content=\"summary_large_image\" \/>\n<meta name=\"twitter:site\" content=\"@AxxisConsulting\" \/>\n<script type=\"application\/ld+json\" class=\"yoast-schema-graph\">{\"@context\":\"https:\\\/\\\/schema.org\",\"@graph\":[{\"@type\":\"WebPage\",\"@id\":\"https:\\\/\\\/axxis-consulting.com\\\/about-us\\\/\",\"url\":\"https:\\\/\\\/axxis-consulting.com\\\/about-us\\\/\",\"name\":\"Axxis Consulting - Ihr SAP Beratungspartner in Asien\",\"isPartOf\":{\"@id\":\"https:\\\/\\\/axxis-consulting.com\\\/#website\"},\"datePublished\":\"2020-02-18T01:40:05+00:00\",\"dateModified\":\"2024-01-24T09:48:53+00:00\",\"description\":\"Wir sind einer der f\u00fchrenden SAP Beratungsunternehmen in Singapore und helfen bei der Einf\u00fchrung, Migration, Training und Support von SAP L\u00f6sungen in Asien\",\"breadcrumb\":{\"@id\":\"https:\\\/\\\/axxis-consulting.com\\\/about-us\\\/#breadcrumb\"},\"inLanguage\":\"de\",\"potentialAction\":[{\"@type\":\"ReadAction\",\"target\":[\"https:\\\/\\\/axxis-consulting.com\\\/about-us\\\/\"]}]},{\"@type\":\"BreadcrumbList\",\"@id\":\"https:\\\/\\\/axxis-consulting.com\\\/about-us\\\/#breadcrumb\",\"itemListElement\":[{\"@type\":\"ListItem\",\"position\":1,\"name\":\"Home\",\"item\":\"https:\\\/\\\/axxis-consulting.com\\\/de\\\/\"},{\"@type\":\"ListItem\",\"position\":2,\"name\":\"\u00dcber uns\"}]},{\"@type\":\"WebSite\",\"@id\":\"https:\\\/\\\/axxis-consulting.com\\\/#website\",\"url\":\"https:\\\/\\\/axxis-consulting.com\\\/\",\"name\":\"Axxis Consulting\",\"description\":\"Technology and Management Consulting Firm\",\"potentialAction\":[{\"@type\":\"SearchAction\",\"target\":{\"@type\":\"EntryPoint\",\"urlTemplate\":\"https:\\\/\\\/axxis-consulting.com\\\/?s={search_term_string}\"},\"query-input\":{\"@type\":\"PropertyValueSpecification\",\"valueRequired\":true,\"valueName\":\"search_term_string\"}}],\"inLanguage\":\"de\"}]}<\/script>\n<!-- \/ Yoast SEO plugin. -->","yoast_head_json":{"title":"Axxis Consulting - Ihr SAP Beratungspartner in Asien","description":"Wir sind einer der f\u00fchrenden SAP Beratungsunternehmen in Singapore und helfen bei der Einf\u00fchrung, Migration, Training und Support von SAP L\u00f6sungen in Asien","robots":{"index":"index","follow":"follow","max-snippet":"max-snippet:-1","max-image-preview":"max-image-preview:large","max-video-preview":"max-video-preview:-1"},"canonical":"https:\/\/axxis-consulting.com\/about-us\/","og_locale":"de_DE","og_type":"article","og_title":"Axxis Consulting - Ihr SAP Beratungspartner in Asien","og_description":"Wir sind einer der f\u00fchrenden SAP Beratungsunternehmen in Singapore und helfen bei der Einf\u00fchrung, Migration, Training und Support von SAP L\u00f6sungen in Asien","og_url":"https:\/\/axxis-consulting.com\/about-us\/","og_site_name":"Axxis Consulting","article_publisher":"https:\/\/www.facebook.com\/AxxisIT\/","article_modified_time":"2024-01-24T09:48:53+00:00","twitter_card":"summary_large_image","twitter_site":"@AxxisConsulting","schema":{"@context":"https:\/\/schema.org","@graph":[{"@type":"WebPage","@id":"https:\/\/axxis-consulting.com\/about-us\/","url":"https:\/\/axxis-consulting.com\/about-us\/","name":"Axxis Consulting - Ihr SAP Beratungspartner in Asien","isPartOf":{"@id":"https:\/\/axxis-consulting.com\/#website"},"datePublished":"2020-02-18T01:40:05+00:00","dateModified":"2024-01-24T09:48:53+00:00","description":"Wir sind einer der f\u00fchrenden SAP Beratungsunternehmen in Singapore und helfen bei der Einf\u00fchrung, Migration, Training und Support von SAP L\u00f6sungen in Asien","breadcrumb":{"@id":"https:\/\/axxis-consulting.com\/about-us\/#breadcrumb"},"inLanguage":"de","potentialAction":[{"@type":"ReadAction","target":["https:\/\/axxis-consulting.com\/about-us\/"]}]},{"@type":"BreadcrumbList","@id":"https:\/\/axxis-consulting.com\/about-us\/#breadcrumb","itemListElement":[{"@type":"ListItem","position":1,"name":"Home","item":"https:\/\/axxis-consulting.com\/de\/"},{"@type":"ListItem","position":2,"name":"\u00dcber uns"}]},{"@type":"WebSite","@id":"https:\/\/axxis-consulting.com\/#website","url":"https:\/\/axxis-consulting.com\/","name":"Axxis Consulting","description":"Technology and Management Consulting Firm","potentialAction":[{"@type":"SearchAction","target":{"@type":"EntryPoint","urlTemplate":"https:\/\/axxis-consulting.com\/?s={search_term_string}"},"query-input":{"@type":"PropertyValueSpecification","valueRequired":true,"valueName":"search_term_string"}}],"inLanguage":"de"}]}},"_links":{"self":[{"href":"https:\/\/axxis-consulting.com\/de\/wp-json\/wp\/v2\/pages\/3209","targetHints":{"allow":["GET"]}}],"collection":[{"href":"https:\/\/axxis-consulting.com\/de\/wp-json\/wp\/v2\/pages"}],"about":[{"href":"https:\/\/axxis-consulting.com\/de\/wp-json\/wp\/v2\/types\/page"}],"author":[{"embeddable":true,"href":"https:\/\/axxis-consulting.com\/de\/wp-json\/wp\/v2\/users\/2"}],"replies":[{"embeddable":true,"href":"https:\/\/axxis-consulting.com\/de\/wp-json\/wp\/v2\/comments?post=3209"}],"version-history":[{"count":17,"href":"https:\/\/axxis-consulting.com\/de\/wp-json\/wp\/v2\/pages\/3209\/revisions"}],"predecessor-version":[{"id":14147,"href":"https:\/\/axxis-consulting.com\/de\/wp-json\/wp\/v2\/pages\/3209\/revisions\/14147"}],"wp:attachment":[{"href":"https:\/\/axxis-consulting.com\/de\/wp-json\/wp\/v2\/media?parent=3209"}],"curies":[{"name":"wp","href":"https:\/\/api.w.org\/{rel}","templated":true}]}}